{"id":13,"date":"2014-11-18T23:01:39","date_gmt":"2014-11-18T22:01:39","guid":{"rendered":"http:\/\/wp.dianeclub.fr\/?page_id=13"},"modified":"2023-10-23T19:18:15","modified_gmt":"2023-10-23T17:18:15","slug":"entrainements","status":"publish","type":"page","link":"https:\/\/www.dianeclub-archive.fr\/?page_id=13","title":{"rendered":"Les Horaires"},"content":{"rendered":"<div class=\"art-postcontent clearfix\">\n<div class=\"art-article\">\n<h1>Les Entra\u00eenements<\/h1>\n<p>Le Diane Club dispose d&rsquo;un entra\u00eeneur et de quatre assistants entra\u00eeneur.<\/p>\n<ul style=\"list-style-type: disc;\">\n<li>Entra\u00eeneur :\u00a0Michel ERHART<\/li>\n<li>Assistants entra\u00eeneur : Isabelle ERHART, Thierry PALTRIE, Salvatore CURABBA, Tiffany VALOUR<\/li>\n<\/ul>\n<h1>Saison 2022-2023<\/h1>\n<p><strong>Horaires des entra\u00eenements\u00a0en salle, adultes :<\/strong><\/p>\n<ul style=\"list-style-type: disc;\">\n<li>le mardi de 18h30 \u00e0 21h00 : Entra\u00eenement Adultes tous niveaux.<\/li>\n<li>le jeudi de 18h30 \u00e0 21h00 : Entra\u00eenement Adultes tous niveaux.<\/li>\n<\/ul>\n<p><strong>Horaires des entra\u00eenements jeunes :<br \/>\n<\/strong><\/p>\n<ul style=\"list-style-type: disc;\">\n<li>Le mercredi de 17h30 \u00e0 19h30 : Entrainement des jeunes en Salle.<\/li>\n<\/ul>\n<p><strong>Horaires des entra\u00eenements pendant la saison ext\u00e9rieure, adultes :<\/strong><\/p>\n<ul style=\"list-style-type: disc;\">\n<li>le mardi de 18h00 \u00e0 20h00 : Entra\u00eenement Adultes tous niveaux.<\/li>\n<li>le jeudi de 18h00 \u00e0 20h00 : Entra\u00eenement Adultes tous niveaux.<\/li>\n<\/ul>\n<p><strong>Horaires d&rsquo;utilisation du Parcours Nature \/ 3D<\/strong><\/p>\n<ul style=\"list-style-type: disc;\">\n<li>Le mardi de\u00a017h00 \u00e0 21h00.<\/li>\n<li>Le jeudi de 17h00 \u00e0 21h00.<\/li>\n<li>Le samedi de 7h00 \u00e0 20h00.<strong><br \/>\n<\/strong><\/li>\n<li>Le samedi de 10h00 \u00e0 12h00 : Entra\u00eenement en Parcours Nature \/ 3D et Campagne.<\/li>\n<\/ul>\n<\/div>\n<\/div>\n","protected":false},"excerpt":{"rendered":"<p>Les Entra\u00eenements Le Diane Club dispose d&rsquo;un entra\u00eeneur et de quatre assistants entra\u00eeneur. Entra\u00eeneur :\u00a0Michel ERHART Assistants entra\u00eeneur : Isabelle ERHART, Thierry PALTRIE, Salvatore CURABBA, Tiffany VALOUR Saison 2022-2023 Horaires des entra\u00eenements\u00a0en salle, adultes : le mardi de 18h30 \u00e0 21h00 : Entra\u00eenement Adultes tous niveaux. le jeudi de 18h30 \u00e0 21h00 : Entra\u00eenement Adultes [&hellip;]<\/p>\n","protected":false},"author":1,"featured_media":0,"parent":0,"menu_order":0,"comment_status":"closed","ping_status":"open","template":"","meta":{"footnotes":""},"class_list":["post-13","page","type-page","status-publish","hentry"],"_links":{"self":[{"href":"https:\/\/www.dianeclub-archive.fr\/index.php?rest_route=\/wp\/v2\/pages\/13","targetHints":{"allow":["GET"]}}],"collection":[{"href":"https:\/\/www.dianeclub-archive.fr\/index.php?rest_route=\/wp\/v2\/pages"}],"about":[{"href":"https:\/\/www.dianeclub-archive.fr\/index.php?rest_route=\/wp\/v2\/types\/page"}],"author":[{"embeddable":true,"href":"https:\/\/www.dianeclub-archive.fr\/index.php?rest_route=\/wp\/v2\/users\/1"}],"replies":[{"embeddable":true,"href":"https:\/\/www.dianeclub-archive.fr\/index.php?rest_route=%2Fwp%2Fv2%2Fcomments&post=13"}],"version-history":[{"count":72,"href":"https:\/\/www.dianeclub-archive.fr\/index.php?rest_route=\/wp\/v2\/pages\/13\/revisions"}],"predecessor-version":[{"id":2658,"href":"https:\/\/www.dianeclub-archive.fr\/index.php?rest_route=\/wp\/v2\/pages\/13\/revisions\/2658"}],"wp:attachment":[{"href":"https:\/\/www.dianeclub-archive.fr\/index.php?rest_route=%2Fwp%2Fv2%2Fmedia&parent=13"}],"curies":[{"name":"wp","href":"https:\/\/api.w.org\/{rel}","templated":true}]}}