{"id":171,"date":"2014-12-16T22:38:37","date_gmt":"2014-12-16T21:38:37","guid":{"rendered":"http:\/\/www.dianeclub.fr\/?page_id=171"},"modified":"2019-06-23T22:04:45","modified_gmt":"2019-06-23T20:04:45","slug":"ses-installations","status":"publish","type":"page","link":"https:\/\/www.dianeclub-archive.fr\/?page_id=171","title":{"rendered":"Ses Installations"},"content":{"rendered":"<h1 style=\"text-align: center;\">Les installations du club<\/h1>\n<p>Le Diane club de <a href=\"http:\/\/www.mairiedechateauneuf.fr\/\" target=\"_blank\" rel=\"noopener noreferrer\">Ch\u00e2teauneuf<\/a> est un des rares clubs dans la Loire \u00e0 pouvoir proposer \u00e0 ses licenci\u00e9s toutes les disciplines du tir \u00e0 l\u2019arc. En effet, ses installations permettent des pratiques multiples pour r\u00e9pondre aux envies de chacun.<\/p>\n<p>Durant l\u2019hiver, les archers s\u2019entra\u00eenent dans une salle mise \u00e0 disposition par la mairie de Ch\u00e2teuneuf. Ils peuvent tirer jusqu\u2019\u00e0 25 m\u00e8tres dans cette salle. Gr\u00e2ce aux cinq murs de tir mobiles, chacun peut tirer \u00e0 la distance qu\u2019il souhaite. En annexe de cette grande salle, le club dispose d\u2019un local dans lequel il entrepose son mat\u00e9riel, notamment les nombreux arc destin\u00e9s \u00e0 l\u2019initiation ou \u00e0 l\u2019\u00e9cole de tir \u00e0 l\u2019arc.<\/p>\n<p>Quand les beaux jours reviennent, le club b\u00e9n\u00e9ficie d\u2019un cadre privil\u00e9gi\u00e9 pour le tir ext\u00e9rieur. Dans le grand parc du ch\u00e2teau du Mollard, le club dispose d\u2019un pas de tir ext\u00e9rieur ouvert en permanence. Les archers peuvent tirer de 10 \u00e0 90m, les distances privil\u00e9gi\u00e9es lors des entra\u00eenements \u00e9tant 30m, 50m et 70m (distance olympique). Pour ceux qui pr\u00e9f\u00e8rent le tir campagne, nature ou 3D, plusieurs cibles sont dispos\u00e9es dans le parc, entre bois, \u00e9tangs et sentiers.<\/p>\n<p style=\"text-align: center;\">\u00a0<a href=\"http:\/\/www.dianeclub-archive.fr\/wp-content\/uploads\/2014\/12\/implantations-Parc..jpg\" target=\"_blank\" rel=\"noopener noreferrer\"><img loading=\"lazy\" decoding=\"async\" class=\"aligncenter size-medium wp-image-425\" src=\"http:\/\/www.dianeclub-archive.fr\/wp-content\/uploads\/2014\/12\/implantations-Parc.-300x189.jpg\" alt=\"implantations Parc.\" width=\"300\" height=\"189\" srcset=\"https:\/\/www.dianeclub-archive.fr\/wp-content\/uploads\/2014\/12\/implantations-Parc.-300x189.jpg 300w, https:\/\/www.dianeclub-archive.fr\/wp-content\/uploads\/2014\/12\/implantations-Parc.-1024x646.jpg 1024w, https:\/\/www.dianeclub-archive.fr\/wp-content\/uploads\/2014\/12\/implantations-Parc.-600x378.jpg 600w, https:\/\/www.dianeclub-archive.fr\/wp-content\/uploads\/2014\/12\/implantations-Parc.-400x252.jpg 400w\" sizes=\"auto, (max-width: 300px) 100vw, 300px\" \/><\/a>Cliquez sur l&rsquo;image pour voir nos installations<\/p>\n<p style=\"text-align: center;\">\u00a0<a href=\"http:\/\/www.dianeclub-archive.fr\/wp-content\/uploads\/2014\/12\/implantations-Parc..pdf\" target=\"_blank\" rel=\"noopener noreferrer\">T\u00e9l\u00e9charger le plan au format PDF<\/a><\/p>\n","protected":false},"excerpt":{"rendered":"<p>Les installations du club Le Diane club de Ch\u00e2teauneuf est un des rares clubs dans la Loire \u00e0 pouvoir proposer \u00e0 ses licenci\u00e9s toutes les disciplines du tir \u00e0 l\u2019arc. En effet, ses installations permettent des pratiques multiples pour r\u00e9pondre aux envies de chacun. Durant l\u2019hiver, les archers s\u2019entra\u00eenent dans une salle mise \u00e0 disposition [&hellip;]<\/p>\n","protected":false},"author":1,"featured_media":0,"parent":0,"menu_order":0,"comment_status":"closed","ping_status":"open","template":"","meta":{"footnotes":""},"class_list":["post-171","page","type-page","status-publish","hentry"],"_links":{"self":[{"href":"https:\/\/www.dianeclub-archive.fr\/index.php?rest_route=\/wp\/v2\/pages\/171","targetHints":{"allow":["GET"]}}],"collection":[{"href":"https:\/\/www.dianeclub-archive.fr\/index.php?rest_route=\/wp\/v2\/pages"}],"about":[{"href":"https:\/\/www.dianeclub-archive.fr\/index.php?rest_route=\/wp\/v2\/types\/page"}],"author":[{"embeddable":true,"href":"https:\/\/www.dianeclub-archive.fr\/index.php?rest_route=\/wp\/v2\/users\/1"}],"replies":[{"embeddable":true,"href":"https:\/\/www.dianeclub-archive.fr\/index.php?rest_route=%2Fwp%2Fv2%2Fcomments&post=171"}],"version-history":[{"count":13,"href":"https:\/\/www.dianeclub-archive.fr\/index.php?rest_route=\/wp\/v2\/pages\/171\/revisions"}],"predecessor-version":[{"id":1639,"href":"https:\/\/www.dianeclub-archive.fr\/index.php?rest_route=\/wp\/v2\/pages\/171\/revisions\/1639"}],"wp:attachment":[{"href":"https:\/\/www.dianeclub-archive.fr\/index.php?rest_route=%2Fwp%2Fv2%2Fmedia&parent=171"}],"curies":[{"name":"wp","href":"https:\/\/api.w.org\/{rel}","templated":true}]}}