{"id":208,"date":"2014-12-21T13:12:51","date_gmt":"2014-12-21T12:12:51","guid":{"rendered":"http:\/\/www.dianeclub.fr\/?page_id=208"},"modified":"2020-08-17T12:54:13","modified_gmt":"2020-08-17T10:54:13","slug":"acces","status":"publish","type":"page","link":"https:\/\/www.dianeclub-archive.fr\/?page_id=208","title":{"rendered":"Acc\u00e8s"},"content":{"rendered":"<p style=\"text-align: center;\">Notre adresse :<\/p>\n<p style=\"text-align: center;\">11 all\u00e9e de l&rsquo;Octroi<br \/>\nParc du ch\u00e2teau du Mollard<br \/>\n42800 Ch\u00e2teauneuf<a href=\"http:\/\/www.dianeclub-archive.fr\/wp-content\/uploads\/2014\/12\/implantations-Parc..jpg\" target=\"_blank\" rel=\"noopener noreferrer\"><img loading=\"lazy\" decoding=\"async\" class=\"aligncenter size-medium wp-image-425\" src=\"http:\/\/www.dianeclub-archive.fr\/wp-content\/uploads\/2014\/12\/implantations-Parc.-300x189.jpg\" alt=\"implantations Parc.\" width=\"300\" height=\"189\" srcset=\"https:\/\/www.dianeclub-archive.fr\/wp-content\/uploads\/2014\/12\/implantations-Parc.-300x189.jpg 300w, https:\/\/www.dianeclub-archive.fr\/wp-content\/uploads\/2014\/12\/implantations-Parc.-1024x646.jpg 1024w, https:\/\/www.dianeclub-archive.fr\/wp-content\/uploads\/2014\/12\/implantations-Parc.-600x378.jpg 600w, https:\/\/www.dianeclub-archive.fr\/wp-content\/uploads\/2014\/12\/implantations-Parc.-400x252.jpg 400w\" sizes=\"auto, (max-width: 300px) 100vw, 300px\" \/><\/a>Cliquez sur l&rsquo;image pour voir nos installations<\/p>\n<p style=\"text-align: center;\"><a href=\"http:\/\/www.dianeclub-archive.fr\/wp-content\/uploads\/2014\/12\/implantations-Parc..pdf\" target=\"_blank\" rel=\"noopener noreferrer\">T\u00e9l\u00e9charger le plan au format PDF<\/a><\/p>\n","protected":false},"excerpt":{"rendered":"<p>Notre adresse : 11 all\u00e9e de l&rsquo;Octroi Parc du ch\u00e2teau du Mollard 42800 Ch\u00e2teauneufCliquez sur l&rsquo;image pour voir nos installations T\u00e9l\u00e9charger le plan au format PDF<\/p>\n","protected":false},"author":1,"featured_media":0,"parent":0,"menu_order":0,"comment_status":"closed","ping_status":"open","template":"","meta":{"footnotes":""},"class_list":["post-208","page","type-page","status-publish","hentry"],"_links":{"self":[{"href":"https:\/\/www.dianeclub-archive.fr\/index.php?rest_route=\/wp\/v2\/pages\/208","targetHints":{"allow":["GET"]}}],"collection":[{"href":"https:\/\/www.dianeclub-archive.fr\/index.php?rest_route=\/wp\/v2\/pages"}],"about":[{"href":"https:\/\/www.dianeclub-archive.fr\/index.php?rest_route=\/wp\/v2\/types\/page"}],"author":[{"embeddable":true,"href":"https:\/\/www.dianeclub-archive.fr\/index.php?rest_route=\/wp\/v2\/users\/1"}],"replies":[{"embeddable":true,"href":"https:\/\/www.dianeclub-archive.fr\/index.php?rest_route=%2Fwp%2Fv2%2Fcomments&post=208"}],"version-history":[{"count":11,"href":"https:\/\/www.dianeclub-archive.fr\/index.php?rest_route=\/wp\/v2\/pages\/208\/revisions"}],"predecessor-version":[{"id":2205,"href":"https:\/\/www.dianeclub-archive.fr\/index.php?rest_route=\/wp\/v2\/pages\/208\/revisions\/2205"}],"wp:attachment":[{"href":"https:\/\/www.dianeclub-archive.fr\/index.php?rest_route=%2Fwp%2Fv2%2Fmedia&parent=208"}],"curies":[{"name":"wp","href":"https:\/\/api.w.org\/{rel}","templated":true}]}}